{"id":430,"date":"2023-03-24T13:12:55","date_gmt":"2023-03-24T10:12:55","guid":{"rendered":"https:\/\/bmkdanismanlik.com\/?page_id=430"},"modified":"2023-03-24T13:19:01","modified_gmt":"2023-03-24T10:19:01","slug":"finans-ve-hazine","status":"publish","type":"page","link":"https:\/\/bmkdanismanlik.com\/?page_id=430","title":{"rendered":"Finans ve Hazine"},"content":{"rendered":"\t\t<div data-elementor-type=\"wp-page\" data-elementor-id=\"430\" class=\"elementor elementor-430\">\n\t\t\t\t\t\t\t\t\t<section class=\"elementor-section elementor-top-section elementor-element elementor-element-26f163c elementor-section-boxed elementor-section-height-default elementor-section-height-default\" data-id=\"26f163c\" data-element_type=\"section\">\n\t\t\t\t\t\t<div class=\"elementor-container elementor-column-gap-default\">\n\t\t\t\t\t<div class=\"elementor-column elementor-col-100 elementor-top-column elementor-element elementor-element-e6f95cb\" data-id=\"e6f95cb\" data-element_type=\"column\">\n\t\t\t<div class=\"elementor-widget-wrap elementor-element-populated\">\n\t\t\t\t\t\t\t\t<div class=\"elementor-element elementor-element-db39cfa elementor-widget elementor-widget-heading\" data-id=\"db39cfa\" data-element_type=\"widget\" data-widget_type=\"heading.default\">\n\t\t\t\t<div class=\"elementor-widget-container\">\n\t\t\t<style>\/*! elementor - v3.16.0 - 17-10-2023 *\/\n.elementor-heading-title{padding:0;margin:0;line-height:1}.elementor-widget-heading .elementor-heading-title[class*=elementor-size-]>a{color:inherit;font-size:inherit;line-height:inherit}.elementor-widget-heading .elementor-heading-title.elementor-size-small{font-size:15px}.elementor-widget-heading .elementor-heading-title.elementor-size-medium{font-size:19px}.elementor-widget-heading .elementor-heading-title.elementor-size-large{font-size:29px}.elementor-widget-heading .elementor-heading-title.elementor-size-xl{font-size:39px}.elementor-widget-heading .elementor-heading-title.elementor-size-xxl{font-size:59px}<\/style><h2 class=\"elementor-heading-title elementor-size-default\">Finans ve Hazine<\/h2>\t\t<\/div>\n\t\t\t\t<\/div>\n\t\t\t\t\t<\/div>\n\t\t<\/div>\n\t\t\t\t\t\t\t<\/div>\n\t\t<\/section>\n\t\t\t\t<section class=\"elementor-section elementor-top-section elementor-element elementor-element-2443ddd elementor-section-boxed elementor-section-height-default elementor-section-height-default\" data-id=\"2443ddd\" data-element_type=\"section\">\n\t\t\t\t\t\t<div class=\"elementor-container elementor-column-gap-default\">\n\t\t\t\t\t<div class=\"elementor-column elementor-col-100 elementor-top-column elementor-element elementor-element-c14fabe\" data-id=\"c14fabe\" data-element_type=\"column\">\n\t\t\t<div class=\"elementor-widget-wrap elementor-element-populated\">\n\t\t\t\t\t\t\t\t<div class=\"elementor-element elementor-element-f666470 elementor-widget elementor-widget-text-editor\" data-id=\"f666470\" data-element_type=\"widget\" data-widget_type=\"text-editor.default\">\n\t\t\t\t<div class=\"elementor-widget-container\">\n\t\t\t<style>\/*! elementor - v3.16.0 - 17-10-2023 *\/\n.elementor-widget-text-editor.elementor-drop-cap-view-stacked .elementor-drop-cap{background-color:#69727d;color:#fff}.elementor-widget-text-editor.elementor-drop-cap-view-framed .elementor-drop-cap{color:#69727d;border:3px solid;background-color:transparent}.elementor-widget-text-editor:not(.elementor-drop-cap-view-default) .elementor-drop-cap{margin-top:8px}.elementor-widget-text-editor:not(.elementor-drop-cap-view-default) .elementor-drop-cap-letter{width:1em;height:1em}.elementor-widget-text-editor .elementor-drop-cap{float:left;text-align:center;line-height:1;font-size:50px}.elementor-widget-text-editor .elementor-drop-cap-letter{display:inline-block}<\/style>\t\t\t\t<p>G\u00fcn\u00fcm\u00fcz zorlu piyasa ko\u015fullar\u0131nda finans y\u00f6neticileri, d\u00f6rt ana konu aras\u0131ndaki dengeyi korumak zorundad\u0131rlar:<\/p><ul><li>Organizasyonlar\u0131 i\u00e7in de\u011fer yaratmak ve bu de\u011feri korumak;<\/li><li>Verimli ve etkin s\u00fcre\u00e7 ve kontroller ile operasyonel anlamda m\u00fckemmelli\u011fi sa\u011flamak;<\/li><li>Riskleri belirlemek, \u00f6ng\u00f6rmek ve tedbir almak;<\/li><li>Yukar\u0131daki konular\u0131 destekleyen y\u00f6netim ve raporlama sistemlerini kurmak ve i\u015fletmek.<\/li><\/ul><p>Daha \u00f6nce \u00f6nde gelen \u015firketlerde Finans ve Mali \u0130\u015fler alanlar\u0131nda y\u00f6netici pozisyonunda \u00e7al\u0131\u015fm\u0131\u015f olan dan\u0131\u015fmanlar\u0131m\u0131z ile m\u00fc\u015fterimiz olan \u015firketlere mali i\u015fler alan\u0131nda de\u011fer yaratmalar\u0131, y\u00f6netim, kontrol ve raporlamalar\u0131n\u0131 geli\u015ftirmeleri ve risklerini azaltmalar\u0131 i\u00e7in destek vermekteyiz.<\/p>\t\t\t\t\t\t<\/div>\n\t\t\t\t<\/div>\n\t\t\t\t<div class=\"elementor-element elementor-element-d189f55 elementor-invisible elementor-widget elementor-widget-image\" data-id=\"d189f55\" data-element_type=\"widget\" data-settings=\"{&quot;_animation&quot;:&quot;fadeIn&quot;}\" data-widget_type=\"image.default\">\n\t\t\t\t<div class=\"elementor-widget-container\">\n\t\t\t<style>\/*! elementor - v3.16.0 - 17-10-2023 *\/\n.elementor-widget-image{text-align:center}.elementor-widget-image a{display:inline-block}.elementor-widget-image a img[src$=\".svg\"]{width:48px}.elementor-widget-image img{vertical-align:middle;display:inline-block}<\/style>\t\t\t\t\t\t\t\t\t\t\t\t<img loading=\"lazy\" decoding=\"async\" width=\"1024\" height=\"682\" src=\"https:\/\/bmkdanismanlik.com\/wp-content\/uploads\/2023\/03\/laptop-office-hand-3196481-1024x682.jpg\" class=\"attachment-large size-large wp-image-324\" alt=\"laptop, office, hand-3196481.jpg\" srcset=\"https:\/\/bmkdanismanlik.com\/wp-content\/uploads\/2023\/03\/laptop-office-hand-3196481-1024x682.jpg 1024w, https:\/\/bmkdanismanlik.com\/wp-content\/uploads\/2023\/03\/laptop-office-hand-3196481-300x200.jpg 300w, https:\/\/bmkdanismanlik.com\/wp-content\/uploads\/2023\/03\/laptop-office-hand-3196481-768x512.jpg 768w, https:\/\/bmkdanismanlik.com\/wp-content\/uploads\/2023\/03\/laptop-office-hand-3196481.jpg 1280w\" sizes=\"auto, (max-width: 1024px) 100vw, 1024px\" \/>\t\t\t\t\t\t\t\t\t\t\t\t\t\t\t<\/div>\n\t\t\t\t<\/div>\n\t\t\t\t<div class=\"elementor-element elementor-element-9f29484 elementor-invisible elementor-widget elementor-widget-text-editor\" data-id=\"9f29484\" data-element_type=\"widget\" data-settings=\"{&quot;_animation&quot;:&quot;fadeInDown&quot;}\" data-widget_type=\"text-editor.default\">\n\t\t\t\t<div class=\"elementor-widget-container\">\n\t\t\t\t\t\t\t<h3>G\u00fcn\u00fcm\u00fczde \u015firketlerde kar\u015f\u0131la\u015f\u0131lan baz\u0131 konular:<\/h3><ul><li>Operasyonlar\u0131n\u0131z\u0131 tek bir ortak hizmet merkezinde nas\u0131l toplayabilirsiniz?<\/li><li>Gelir art\u0131r\u0131c\u0131 faaliyetlerinizi nas\u0131l de\u011ferlendirmeli ve test etmelisiniz?<\/li><li>D\u0131\u015f kaynak kullan\u0131m\u0131 ile beklenen faydalar sa\u011flanacak m\u0131? Bu faydalar\u0131 garantilemenin yollar\u0131 nelerdir?<\/li><li>Daha verimli ve kal\u0131c\u0131 \u00e7\u00f6z\u00fcmler sunmak i\u00e7in hangi finansal s\u00fcre\u00e7leri de\u011fi\u015ftirmelisiniz?<\/li><li>Maliyetlerinizi s\u00fcrd\u00fcr\u00fclebilir bir \u015fekilde azaltmak ve verimlili\u011finizi art\u0131rmak i\u00e7in hangi s\u00fcre\u00e7ler \u00f6nem arz etmektedir?<\/li><li>IFRS, Sarbanes-Oxley ve di\u011fer benzeri resmi raporlama zorunluluklar\u0131n\u0131 verimlili\u011finizi azaltmadan nas\u0131l yerine getirebilirsiniz?<\/li><li>Y\u00f6netim raporlama sisteminiz d\u00fczg\u00fcn \u00e7al\u0131\u015f\u0131yor mu?<\/li><li>Finans ekibinizin teknik ve operasyonel yeterlili\u011fini nas\u0131l daha iyi de\u011ferlendirebilirsiniz?<\/li><\/ul><h3>Size nas\u0131l yard\u0131mc\u0131 olabiliriz?<\/h3><ul><li>En uygun kaynaklar\u0131 kullanarak, sizin i\u00e7in ge\u00e7erli olacak \u00e7\u00f6z\u00fcmlerin devreye al\u0131nmas\u0131,<\/li><li>Deneyimlerimiz ve &#8220;Global En \u0130yi Uygulamalar&#8221; \u00e7er\u00e7evesinde size en uygun \u00e7\u00f6z\u00fcmlerin sunulmas\u0131,<\/li><li>Uzman finans profesyonellerinden olu\u015fan BMK Dan\u0131\u015fmanl\u0131k,dan\u0131\u015fman a\u011f\u0131 bilgi ve deneyiminin sunulmas\u0131,<\/li><li>Finansal y\u00f6netim ile ilgili haz\u0131rlanm\u0131\u015f rapor ve \u00e7al\u0131\u015fmalar.<\/li><\/ul><h3 style=\"text-align: center;\"><strong>Hizmetlerimiz:<\/strong><\/h3><h3>Performans Y\u00f6netimi<\/h3><p>Performans y\u00f6netimi anlay\u0131\u015f\u0131m\u0131z organizasyonda de\u011fer yaratan temel alanlar\u0131n anla\u015f\u0131lmas\u0131na y\u00f6neliktir. Bu anlay\u0131\u015f ile temel risk g\u00f6stergeleri ve temel performans \u00f6l\u00e7\u00fcmleri \u00e7evresinde planlama, b\u00fct\u00e7eleme ve raporlama yakla\u015f\u0131mlar\u0131 geli\u015ftiriyoruz.<\/p><h3>Raporlama ve Konsolidasyon<\/h3><p>Aktivite bazl\u0131 ve \u00f6nceliklendirmeye y\u00f6nelik yakla\u015f\u0131mlar\u0131m\u0131z ile ula\u015fmak istedi\u011finiz kurumsal performans\u0131n \u00f6n\u00fcndeki engelleri belirliyoruz. \u0130\u00e7inde bulunacaklar\u0131 ortama uygun yeni, verimli ve etkin s\u00fcre\u00e7leri, takip eden performans raporlamas\u0131 ve konsolidasyonu ile birlikte tasarl\u0131yor ve uyguluyoruz.<\/p><h3>Hazine ve \u0130\u015fletme Sermayesi Y\u00f6netimi<\/h3><p>BMK Dan\u0131\u015fmanl\u0131k olarak, piyasa ve kredi riski ve operasyonel risklerin belirlenmesi, de\u011ferlendirilmesi ve y\u00f6netilmesi ad\u0131na kullan\u0131lacak en uygun y\u00f6ntemler hakk\u0131nda dan\u0131\u015fmanl\u0131k vermekteyiz. Ayr\u0131ca, nakit ak\u0131\u015f\u0131n\u0131n iyile\u015ftirilmesi i\u00e7in gerekli banka ve nakit y\u00f6netim modelleri geli\u015ftirmekteyiz. Sekt\u00f6re \u00f6zg\u00fc tedarik zinciri uzmanl\u0131\u011f\u0131m\u0131z\u0131, g\u00fc\u00e7l\u00fc i\u015fletme sermayesi y\u00f6netimi becerilerimizle birle\u015ftirerek m\u00fc\u015fterilerimize uygun \u00e7\u00f6z\u00fcmler sunuyoruz. Yeni i\u015fletme sermayesi y\u00f6netimi yap\u0131s\u0131n\u0131n kurulmas\u0131 ve \u00f6deme\/alacaklar ile ilgili \u00e7\u00f6z\u00fcmler konusunda tecr\u00fcbe sahibi dan\u0131\u015fmanlardan olu\u015fan uzman bir ekibe sahibiz.<\/p><h3>Operasyonel \u0130nceleme<\/h3><p>\u015eirketinizin finansal operasyonlar\u0131n\u0131 inceliyor ve mevcut yap\u0131 ve prosed\u00fcrleri maliyet ve fayda a\u00e7\u0131s\u0131ndan de\u011ferlendiriyoruz. Ayn\u0131 zamanda risklerinizi de\u011ferlendiriyor, risklerinizin azalt\u0131lmas\u0131 ve de\u011fi\u015fim i\u00e7in gerekli i\u015f planlar\u0131n\u0131n haz\u0131rlanmas\u0131 i\u00e7in \u00e7al\u0131\u015f\u0131yoruz. Geli\u015ftirilen alternatif modeller genellikle ortak hizmet merkezleri ve d\u0131\u015f kaynak kullan\u0131mlar\u0131 se\u00e7eneklerini i\u00e7ermektedirler. Potansiyel tedarik\u00e7iler ile hizmet s\u00f6zle\u015fmelerinin olu\u015fturulmas\u0131, uygulanmas\u0131 ve bunlar\u0131n y\u00f6netimi ile \u015firket i\u00e7i ortak hizmet merkezlerinin kurulmas\u0131 konular\u0131nda da hizmet vermekteyiz.<\/p><h3>Yetenek Y\u00f6netimi<\/h3><p>Bir\u00e7ok \u00f6nde gelen kurumda finansal e\u011fitim programlar\u0131n\u0131n kurulmas\u0131 ve s\u00fcrd\u00fcr\u00fclmesi konusunda \u00e7al\u0131\u015fm\u0131\u015f, e\u011fitim ve de\u011fi\u015fim y\u00f6netimi konular\u0131nda uzman ki\u015filerden olu\u015fan g\u00fc\u00e7l\u00fc bir ekibe sahibiz. Ekibimiz kapsaml\u0131 finansal e\u011fitim \u00e7\u00f6z\u00fcmleri sunmaktad\u0131r.<\/p><h3>Sistem ve Ara\u00e7lar<\/h3><p>Finans sistemleri i\u00e7in performans y\u00f6netimi gereksinimlerini belirliyor ve stratejiler geli\u015ftiriyoruz. Mali i\u015fler birimini t\u00fcm y\u00f6nleriyle destekleyebilecek sistem ve ara\u00e7lar\u0131n belirlenmesinde sizlerle birlikte \u00e7al\u0131\u015f\u0131yoruz.<\/p>\t\t\t\t\t\t<\/div>\n\t\t\t\t<\/div>\n\t\t\t\t\t<\/div>\n\t\t<\/div>\n\t\t\t\t\t\t\t<\/div>\n\t\t<\/section>\n\t\t\t\t\t\t\t<\/div>\n\t\t","protected":false},"excerpt":{"rendered":"<p>Finans ve Hazine G\u00fcn\u00fcm\u00fcz zorlu piyasa ko\u015fullar\u0131nda finans y\u00f6neticileri, d\u00f6rt ana konu aras\u0131ndaki dengeyi korumak zorundad\u0131rlar: Organizasyonlar\u0131 i\u00e7in de\u011fer yaratmak ve bu de\u011feri korumak; Verimli ve etkin s\u00fcre\u00e7 ve kontroller ile operasyonel anlamda m\u00fckemmelli\u011fi sa\u011flamak; Riskleri belirlemek, \u00f6ng\u00f6rmek ve tedbir almak; Yukar\u0131daki konular\u0131 destekleyen y\u00f6netim ve raporlama sistemlerini kurmak ve i\u015fletmek. Daha \u00f6nce \u00f6nde gelen &hellip;<\/p>\n<p class=\"read-more\"> <a class=\"\" href=\"https:\/\/bmkdanismanlik.com\/?page_id=430\"> <span class=\"screen-reader-text\">Finans ve Hazine<\/span> Devam\u0131 &raquo;<\/a><\/p>\n","protected":false},"author":1,"featured_media":0,"parent":0,"menu_order":0,"comment_status":"closed","ping_status":"closed","template":"","meta":{"site-sidebar-layout":"no-sidebar","site-content-layout":"page-builder","ast-global-header-display":"","ast-main-header-display":"","ast-hfb-above-header-display":"","ast-hfb-below-header-display":"","ast-hfb-mobile-header-display":"","site-post-title":"disabled","ast-breadcrumbs-content":"","ast-featured-img":"disabled","footer-sml-layout":"","theme-transparent-header-meta":"","adv-header-id-meta":"","stick-header-meta":"","header-above-stick-meta":"","header-main-stick-meta":"","header-below-stick-meta":"","footnotes":""},"class_list":["post-430","page","type-page","status-publish","hentry"],"_links":{"self":[{"href":"https:\/\/bmkdanismanlik.com\/index.php?rest_route=\/wp\/v2\/pages\/430","targetHints":{"allow":["GET"]}}],"collection":[{"href":"https:\/\/bmkdanismanlik.com\/index.php?rest_route=\/wp\/v2\/pages"}],"about":[{"href":"https:\/\/bmkdanismanlik.com\/index.php?rest_route=\/wp\/v2\/types\/page"}],"author":[{"embeddable":true,"href":"https:\/\/bmkdanismanlik.com\/index.php?rest_route=\/wp\/v2\/users\/1"}],"replies":[{"embeddable":true,"href":"https:\/\/bmkdanismanlik.com\/index.php?rest_route=%2Fwp%2Fv2%2Fcomments&post=430"}],"version-history":[{"count":0,"href":"https:\/\/bmkdanismanlik.com\/index.php?rest_route=\/wp\/v2\/pages\/430\/revisions"}],"wp:attachment":[{"href":"https:\/\/bmkdanismanlik.com\/index.php?rest_route=%2Fwp%2Fv2%2Fmedia&parent=430"}],"curies":[{"name":"wp","href":"https:\/\/api.w.org\/{rel}","templated":true}]}}