{"id":500,"date":"2023-03-24T14:15:06","date_gmt":"2023-03-24T11:15:06","guid":{"rendered":"https:\/\/bmkdanismanlik.com\/?page_id=500"},"modified":"2023-03-24T14:15:07","modified_gmt":"2023-03-24T11:15:07","slug":"kurumsal-uygulamalar","status":"publish","type":"page","link":"https:\/\/bmkdanismanlik.com\/?page_id=500","title":{"rendered":"Kurumsal Uygulamalar"},"content":{"rendered":"\n<h3 class=\"wp-block-heading\">Strateji &amp; Planlama<\/h3>\n\n\n\n<p>Rekabet avantaj\u0131n\u0131 elinizde tutarak, operasyonel etkinli\u011finizi art\u0131rman\u0131za yard\u0131mc\u0131 olacak en iyi teknoloji stratejisini belirlemeniz i\u00e7in size yard\u0131mc\u0131 oluyoruz.<\/p>\n\n\n\n<h3 class=\"wp-block-heading\">Paket Se\u00e7imi<\/h3>\n\n\n\n<p>\u0130htiya\u00e7lar\u0131n\u0131z\u0131 belirliyor, de\u011ferlendiriyor ve piyasadaki en uygun paketi se\u00e7meniz i\u00e7in size destek oluyoruz. Kurulumu yapacak firmalarla olan ili\u015fkilerinizi y\u00f6netiyor ve kurulum s\u0131ras\u0131nda da kalitenin en y\u00fcksek seviyede kalmas\u0131n\u0131 sa\u011fl\u0131yoruz.<\/p>\n\n\n\n<h3 class=\"wp-block-heading\">Kalite Kontrol\u00fc<\/h3>\n\n\n\n<p>Uygulamalar\u0131n\u0131z\u0131n yasal d\u00fczenlemeler ve muhasebe standartlar\u0131 ile uyumlulu\u011funu, proje planlar\u0131n\u0131, i\u015f s\u00fcre\u00e7leri ve stratejiniz ile ba\u011flant\u0131s\u0131n\u0131 g\u00f6zden ge\u00e7iriyor, projenin hayata ge\u00e7mesi esnas\u0131nda e\u011fitim ve kurulum deste\u011fi veriyoruz.<\/p>\n\n\n\n<h3 class=\"wp-block-heading\">Proje Y\u00f6netimi<\/h3>\n\n\n\n<p>Proje y\u00f6netimi konusunda geli\u015ftirdi\u011fimiz metodolojilerimiz ile d\u00fcnya \u00e7ap\u0131nda bilinen en iyi uygulamalar \u00e7er\u00e7evesinde planlama, risk ve b\u00fct\u00e7elemeyi de i\u00e7eren proje y\u00f6netimi deste\u011fi veriyoruz.<\/p>\n\n\n\n<h3 class=\"wp-block-heading\">Y\u00f6netim, Reg\u00fclasyon ve Finansal Raporlamalar<\/h3>\n\n\n\n<p>Operasyonel, finansal ve yasal olarak zorunlu raporlamalar ve y\u00f6netim raporlamalar\u0131 i\u00e7in i\u015f gereksinimlerinin ve raporlar\u0131n geli\u015ftirilmesini sa\u011fl\u0131yoruz.<\/p>\n\n\n\n<h3 class=\"wp-block-heading\">De\u011fi\u015fim Y\u00f6netimi ve E\u011fitimi<\/h3>\n\n\n\n<p>Kurumsal Uygulamalar\u0131n de\u011fi\u015ftirilmesi veya en ba\u015ftan kurulmas\u0131 durumunda \u015firket i\u00e7inde \u00e7al\u0131\u015fanlar\u0131n yeni sisteme reaksiyonu, k\u00fclt\u00fcr de\u011fi\u015fimine adaptasyonu gibi konular ortaya \u00e7\u0131k\u0131yor. Bu konular\u0131n da ciddi bir de\u011fi\u015fim y\u00f6netimi ile ele al\u0131nmas\u0131 gerekiyor. BMK Dan\u0131\u015fmanl\u0131k olarak \u015firket \u00e7al\u0131\u015fanlar\u0131n\u0131z\u0131n yeni i\u015f s\u00fcre\u00e7lerinize ve uygulamalar\u0131n\u0131za uyum sa\u011flamas\u0131 i\u00e7in s\u00fcrd\u00fcrd\u00fc\u011f\u00fcn\u00fcz gerekli e\u011fitim ve ileti\u015fim \u00e7al\u0131\u015fmalar\u0131n\u0131za destek oluyoruz.<\/p>\n\n\n\n<h3 class=\"wp-block-heading\">\u0130\u015f S\u00fcre\u00e7leri<\/h3>\n\n\n\n<p>\u0130\u015f s\u00fcre\u00e7lerinizin tasar\u0131m\u0131, geli\u015ftirilmesi, modellenmesi ve analiz edilmesi i\u00e7in destek oluyor ve s\u00fcre\u00e7lerinizin sistem ile olan uyumunu sa\u011fl\u0131yoruz. S\u00fcre\u00e7lerinizdeki manuel ya da otomatik kontrolleri g\u00f6zden ge\u00e7iriyor ve kurulmalar\u0131n\u0131 sa\u011fl\u0131yoruz.<\/p>\n\n\n\n<figure class=\"wp-block-image size-large\"><img loading=\"lazy\" decoding=\"async\" width=\"1024\" height=\"576\" src=\"http:\/\/bmkdanismanlik.com\/wp-content\/uploads\/2023\/03\/STR_Business1-1024x576.jpg\" alt=\"\" class=\"wp-image-347\" srcset=\"https:\/\/bmkdanismanlik.com\/wp-content\/uploads\/2023\/03\/STR_Business1-1024x576.jpg 1024w, https:\/\/bmkdanismanlik.com\/wp-content\/uploads\/2023\/03\/STR_Business1-300x169.jpg 300w, https:\/\/bmkdanismanlik.com\/wp-content\/uploads\/2023\/03\/STR_Business1-768x432.jpg 768w, https:\/\/bmkdanismanlik.com\/wp-content\/uploads\/2023\/03\/STR_Business1-1536x864.jpg 1536w, https:\/\/bmkdanismanlik.com\/wp-content\/uploads\/2023\/03\/STR_Business1.jpg 1920w\" sizes=\"auto, (max-width: 1024px) 100vw, 1024px\" \/><\/figure>\n","protected":false},"excerpt":{"rendered":"<p>Strateji &amp; Planlama Rekabet avantaj\u0131n\u0131 elinizde tutarak, operasyonel etkinli\u011finizi art\u0131rman\u0131za yard\u0131mc\u0131 olacak en iyi teknoloji stratejisini belirlemeniz i\u00e7in size yard\u0131mc\u0131 oluyoruz. Paket Se\u00e7imi \u0130htiya\u00e7lar\u0131n\u0131z\u0131 belirliyor, de\u011ferlendiriyor ve piyasadaki en uygun paketi se\u00e7meniz i\u00e7in size destek oluyoruz. Kurulumu yapacak firmalarla olan ili\u015fkilerinizi y\u00f6netiyor ve kurulum s\u0131ras\u0131nda da kalitenin en y\u00fcksek seviyede kalmas\u0131n\u0131 sa\u011fl\u0131yoruz. Kalite Kontrol\u00fc Uygulamalar\u0131n\u0131z\u0131n &hellip;<\/p>\n<p class=\"read-more\"> <a class=\"\" href=\"https:\/\/bmkdanismanlik.com\/?page_id=500\"> <span class=\"screen-reader-text\">Kurumsal Uygulamalar<\/span> Devam\u0131 &raquo;<\/a><\/p>\n","protected":false},"author":1,"featured_media":0,"parent":0,"menu_order":0,"comment_status":"closed","ping_status":"closed","template":"","meta":{"site-sidebar-layout":"default","site-content-layout":"default","ast-global-header-display":"","ast-main-header-display":"","ast-hfb-above-header-display":"","ast-hfb-below-header-display":"","ast-hfb-mobile-header-display":"","site-post-title":"","ast-breadcrumbs-content":"","ast-featured-img":"","footer-sml-layout":"","theme-transparent-header-meta":"","adv-header-id-meta":"","stick-header-meta":"","header-above-stick-meta":"","header-main-stick-meta":"","header-below-stick-meta":"","footnotes":""},"class_list":["post-500","page","type-page","status-publish","hentry"],"_links":{"self":[{"href":"https:\/\/bmkdanismanlik.com\/index.php?rest_route=\/wp\/v2\/pages\/500","targetHints":{"allow":["GET"]}}],"collection":[{"href":"https:\/\/bmkdanismanlik.com\/index.php?rest_route=\/wp\/v2\/pages"}],"about":[{"href":"https:\/\/bmkdanismanlik.com\/index.php?rest_route=\/wp\/v2\/types\/page"}],"author":[{"embeddable":true,"href":"https:\/\/bmkdanismanlik.com\/index.php?rest_route=\/wp\/v2\/users\/1"}],"replies":[{"embeddable":true,"href":"https:\/\/bmkdanismanlik.com\/index.php?rest_route=%2Fwp%2Fv2%2Fcomments&post=500"}],"version-history":[{"count":0,"href":"https:\/\/bmkdanismanlik.com\/index.php?rest_route=\/wp\/v2\/pages\/500\/revisions"}],"wp:attachment":[{"href":"https:\/\/bmkdanismanlik.com\/index.php?rest_route=%2Fwp%2Fv2%2Fmedia&parent=500"}],"curies":[{"name":"wp","href":"https:\/\/api.w.org\/{rel}","templated":true}]}}