{"id":502,"date":"2023-03-24T14:16:10","date_gmt":"2023-03-24T11:16:10","guid":{"rendered":"https:\/\/bmkdanismanlik.com\/?page_id=502"},"modified":"2023-03-24T14:16:11","modified_gmt":"2023-03-24T11:16:11","slug":"maliyet-optimizasyonu","status":"publish","type":"page","link":"https:\/\/bmkdanismanlik.com\/?page_id=502","title":{"rendered":"Maliyet Optimizasyonu"},"content":{"rendered":"\n<figure class=\"wp-block-image size-full\"><img loading=\"lazy\" decoding=\"async\" width=\"1000\" height=\"600\" src=\"http:\/\/bmkdanismanlik.com\/wp-content\/uploads\/2023\/03\/accountant-calculating-profit-with-financial-analysis-graphs.jpg\" alt=\"\" class=\"wp-image-371\" srcset=\"https:\/\/bmkdanismanlik.com\/wp-content\/uploads\/2023\/03\/accountant-calculating-profit-with-financial-analysis-graphs.jpg 1000w, https:\/\/bmkdanismanlik.com\/wp-content\/uploads\/2023\/03\/accountant-calculating-profit-with-financial-analysis-graphs-300x180.jpg 300w, https:\/\/bmkdanismanlik.com\/wp-content\/uploads\/2023\/03\/accountant-calculating-profit-with-financial-analysis-graphs-768x461.jpg 768w\" sizes=\"auto, (max-width: 1000px) 100vw, 1000px\" \/><\/figure>\n\n\n\n<h3 class=\"wp-block-heading\">Size nas\u0131l destek olabiliriz?<\/h3>\n\n\n\n<p>M\u00fc\u015fterilerimize ana maliyet kaynaklar\u0131n\u0131n ve ana de\u011feri olu\u015fturan yap\u0131 ta\u015flar\u0131n\u0131n tan\u0131mlanmas\u0131nda yard\u0131m ederek, bunlar\u0131n en iyi \u015fekilde nas\u0131l y\u00f6netilebilece\u011fi konusunda destek sa\u011fl\u0131yoruz. Analizlerimiz, m\u00fc\u015fteri-tedarik\u00e7i aras\u0131ndaki i\u00e7 ve d\u0131\u015f ili\u015fkilerde olu\u015fan menfaat ve maliyet riskini optimize etme konusunda \u015firketlere yol g\u00f6stermektedir.<\/p>\n\n\n\n<p>M\u00fc\u015fterilerimize maliyet optimizasyonu f\u0131rsatlar\u0131n\u0131 tan\u0131mlamak, bu f\u0131rsatlar\u0131n geli\u015ftirilmesi ve uygulamaya ge\u00e7irilmesini sa\u011flamak, faydalar\u0131n\u0131n fark\u0131ndal\u0131\u011f\u0131n\u0131 desteklemek ve de\u011fer zinciri maliyetlerini etkinle\u015ftirmek konular\u0131nda destek sa\u011fl\u0131yoruz.<\/p>\n\n\n\n<h3 class=\"wp-block-heading\">Potansiyel konular<\/h3>\n\n\n\n<ul class=\"wp-block-list\">\n<li>Maliyetinizin; rekabete k\u0131yasla durumunu \u00f6\u011frenmek, faaliyetlerinizin daha fazla nas\u0131l rekabet\u00e7i olabilece\u011fini anlamak ve kar artt\u0131rmada en iyi f\u0131rsatlar\u0131 tan\u0131mak;<\/li>\n\n\n\n<li>D\u0131\u015f kaynak kullan\u0131m\u0131n\u0131 ve bunlar\u0131n \u015firketinize fayda-zararlar\u0131n\u0131 tan\u0131mlamak;<\/li>\n\n\n\n<li>S\u00fcrekli bir maliyet azaltma k\u00fclt\u00fcr\u00fc geli\u015ftirilip yerle\u015ftirilirken bunun i\u015fletmeye getirebilece\u011fi zararlar\u0131n \u00f6nlenmesini desteklemek;<\/li>\n\n\n\n<li>Mevcut ve yeni m\u00fc\u015fterilerle etkin bir bi\u00e7imde ileti\u015fime ge\u00e7me yollar\u0131n\u0131 belirlemek;<\/li>\n\n\n\n<li>\u00dcr\u00fcnlerin ve hizmetlerin maliyetini k\u0131smak ve al\u0131c\u0131dan m\u00fc\u015fterilere kadar gelen b\u00fct\u00fcn maliyetleri azaltmak i\u00e7in tedarik zincirini etkinle\u015ftirmek;<\/li>\n\n\n\n<li>Maksimum \u00fcretim etkinli\u011fine eri\u015fme y\u00f6ntemlerini tan\u0131mlamak;<\/li>\n\n\n\n<li>Kurum merkezinin etkinli\u011fi art\u0131rmak.<\/li>\n<\/ul>\n\n\n\n<h3 class=\"wp-block-heading\">BMK Dan\u0131\u015fmanl\u0131k Maliyet Optimizasyonu Hizmetlerimiz a\u015fa\u011f\u0131daki analiz ve de\u011ferlendirmeleri i\u00e7erir:<\/h3>\n\n\n\n<ul class=\"wp-block-list\">\n<li>Tedarik zinciri stratejisinin de\u011ferlendirilmesi;<\/li>\n\n\n\n<li>Sat\u0131c\u0131dan m\u00fc\u015fteriye kadar olan \u00fcr\u00fcn ak\u0131\u015f\u0131n\u0131n desteklenmesi ve tedarik zincirinin geli\u015ftirilmesi;<\/li>\n\n\n\n<li>Tedarik fonksiyonunuzun en iyi uygulama \u00f6zellikleri ile kar\u015f\u0131la\u015ft\u0131r\u0131larak (e-tedarik, tedarik fonksiyonunu merkezile\u015ftirme gibi) optimize edilmesi;<\/li>\n\n\n\n<li>Tedarik i\u015flemlerinin iyile\u015ftirilmesi, organizasyonun yeniden tasar\u0131m\u0131 ve i\u015fletme sermayesi ihtiyac\u0131n\u0131n azalt\u0131lmas\u0131;<\/li>\n\n\n\n<li>De\u011fi\u015fim \/ d\u00f6n\u00fc\u015f\u00fcm faaliyetlerinin optimize edilmesi;<\/li>\n\n\n\n<li>\u0130\u015fletme maliyetinin d\u00fc\u015f\u00fcr\u00fclmesi ve israf\u0131 \u00f6nleyerek karl\u0131l\u0131\u011f\u0131n artt\u0131r\u0131lmas\u0131;<\/li>\n\n\n\n<li>Optimum stok seviyesinin belirlenmesi i\u00e7in yap\u0131lmas\u0131 gerekenlerin belirlenmesi, etkili bir da\u011f\u0131t\u0131m a\u011f\u0131n\u0131n olu\u015fturulmas\u0131, tedarik\u00e7iler ve y\u00fcklenicilerle do\u011fru ileti\u015fimin kurulmas\u0131;<\/li>\n\n\n\n<li>Etkin bir da\u011f\u0131t\u0131m a\u011f\u0131n\u0131 olu\u015fturmada destek sa\u011flanmas\u0131, sat\u0131c\u0131\/m\u00fc\u015fteri seviyesinde gerekli i\u015fbirli\u011finin analiz edilmesi;<\/li>\n\n\n\n<li>D\u0131\u015f kaynak kullan\u0131m\u0131 ve payla\u015f\u0131m hizmetleri gibi farkl\u0131 lojistik modellerinin analizinin yap\u0131lmas\u0131;<\/li>\n\n\n\n<li>\u0130\u015fe herhangi bir katk\u0131 sa\u011flamayan aktivitelerin ortadan kald\u0131r\u0131lmas\u0131;<\/li>\n\n\n\n<li>Kritik performans ve risk g\u00f6stergelerinin geli\u015ftirilmesi ve y\u00f6netim seviyesine en uygun detaylar\u0131n sunulmas\u0131;<\/li>\n\n\n\n<li>Maksimum karl\u0131l\u0131\u011f\u0131 sa\u011flayan maliyetlendirme modelinin tasarlanmas\u0131 ve bu modelin aktivitelerin i\u00e7ine indirgenmesi;<\/li>\n\n\n\n<li>Maliyet d\u00fc\u015f\u00fcrme f\u0131rsatlar\u0131n\u0131n belirlenmesi i\u00e7in kurumun genel gider yap\u0131s\u0131n\u0131n ve organizasyonun incelenmesi;<\/li>\n\n\n\n<li>Temel ve temel olmayan hizmet alanlar\u0131n\u0131n yerine yeni, daha etkin ve d\u00fc\u015f\u00fck maliyetli modellere ge\u00e7i\u015fin yap\u0131lmas\u0131.<\/li>\n<\/ul>\n","protected":false},"excerpt":{"rendered":"<p>Size nas\u0131l destek olabiliriz? M\u00fc\u015fterilerimize ana maliyet kaynaklar\u0131n\u0131n ve ana de\u011feri olu\u015fturan yap\u0131 ta\u015flar\u0131n\u0131n tan\u0131mlanmas\u0131nda yard\u0131m ederek, bunlar\u0131n en iyi \u015fekilde nas\u0131l y\u00f6netilebilece\u011fi konusunda destek sa\u011fl\u0131yoruz. Analizlerimiz, m\u00fc\u015fteri-tedarik\u00e7i aras\u0131ndaki i\u00e7 ve d\u0131\u015f ili\u015fkilerde olu\u015fan menfaat ve maliyet riskini optimize etme konusunda \u015firketlere yol g\u00f6stermektedir. M\u00fc\u015fterilerimize maliyet optimizasyonu f\u0131rsatlar\u0131n\u0131 tan\u0131mlamak, bu f\u0131rsatlar\u0131n geli\u015ftirilmesi ve uygulamaya ge\u00e7irilmesini &hellip;<\/p>\n<p class=\"read-more\"> <a class=\"\" href=\"https:\/\/bmkdanismanlik.com\/?page_id=502\"> <span class=\"screen-reader-text\">Maliyet Optimizasyonu<\/span> Devam\u0131 &raquo;<\/a><\/p>\n","protected":false},"author":1,"featured_media":0,"parent":0,"menu_order":0,"comment_status":"closed","ping_status":"closed","template":"","meta":{"site-sidebar-layout":"default","site-content-layout":"default","ast-global-header-display":"","ast-main-header-display":"","ast-hfb-above-header-display":"","ast-hfb-below-header-display":"","ast-hfb-mobile-header-display":"","site-post-title":"","ast-breadcrumbs-content":"","ast-featured-img":"","footer-sml-layout":"","theme-transparent-header-meta":"","adv-header-id-meta":"","stick-header-meta":"","header-above-stick-meta":"","header-main-stick-meta":"","header-below-stick-meta":"","footnotes":""},"class_list":["post-502","page","type-page","status-publish","hentry"],"_links":{"self":[{"href":"https:\/\/bmkdanismanlik.com\/index.php?rest_route=\/wp\/v2\/pages\/502","targetHints":{"allow":["GET"]}}],"collection":[{"href":"https:\/\/bmkdanismanlik.com\/index.php?rest_route=\/wp\/v2\/pages"}],"about":[{"href":"https:\/\/bmkdanismanlik.com\/index.php?rest_route=\/wp\/v2\/types\/page"}],"author":[{"embeddable":true,"href":"https:\/\/bmkdanismanlik.com\/index.php?rest_route=\/wp\/v2\/users\/1"}],"replies":[{"embeddable":true,"href":"https:\/\/bmkdanismanlik.com\/index.php?rest_route=%2Fwp%2Fv2%2Fcomments&post=502"}],"version-history":[{"count":0,"href":"https:\/\/bmkdanismanlik.com\/index.php?rest_route=\/wp\/v2\/pages\/502\/revisions"}],"wp:attachment":[{"href":"https:\/\/bmkdanismanlik.com\/index.php?rest_route=%2Fwp%2Fv2%2Fmedia&parent=502"}],"curies":[{"name":"wp","href":"https:\/\/api.w.org\/{rel}","templated":true}]}}