{"id":506,"date":"2023-03-24T14:18:36","date_gmt":"2023-03-24T11:18:36","guid":{"rendered":"https:\/\/bmkdanismanlik.com\/?page_id=506"},"modified":"2023-03-24T14:18:36","modified_gmt":"2023-03-24T11:18:36","slug":"pazar-arastirmasi-pazara-giris-stratejisi","status":"publish","type":"page","link":"https:\/\/bmkdanismanlik.com\/?page_id=506","title":{"rendered":"Pazar Ara\u015ft\u0131rmas\u0131 &#8211; Pazara Giri\u015f Stratejisi"},"content":{"rendered":"\n<figure class=\"wp-block-image size-large\"><img loading=\"lazy\" decoding=\"async\" width=\"1024\" height=\"692\" src=\"http:\/\/bmkdanismanlik.com\/wp-content\/uploads\/2023\/03\/email-email-marketing-newsletter-4284157-1024x692.png\" alt=\"email, email marketing, newsletter-4284157.jpg\" class=\"wp-image-329\" srcset=\"https:\/\/bmkdanismanlik.com\/wp-content\/uploads\/2023\/03\/email-email-marketing-newsletter-4284157-1024x692.png 1024w, https:\/\/bmkdanismanlik.com\/wp-content\/uploads\/2023\/03\/email-email-marketing-newsletter-4284157-300x203.png 300w, https:\/\/bmkdanismanlik.com\/wp-content\/uploads\/2023\/03\/email-email-marketing-newsletter-4284157-768x519.png 768w, https:\/\/bmkdanismanlik.com\/wp-content\/uploads\/2023\/03\/email-email-marketing-newsletter-4284157.png 1280w\" sizes=\"auto, (max-width: 1024px) 100vw, 1024px\" \/><\/figure>\n\n\n\n<p>Ba\u015far\u0131l\u0131 bir i\u015f stratejisi geli\u015ftirmek; i\u015fin, piyasan\u0131n ve m\u00fc\u015fterilerin kapsaml\u0131 bir \u015fekilde anla\u015f\u0131lmas\u0131n\u0131 gerektirmektedir.<\/p>\n\n\n\n<p>Sekt\u00f6r ve strateji uzmanl\u0131\u011f\u0131m\u0131z\u0131 pazar inceleme deneyimimizle b\u00fct\u00fcnle\u015ftirerek, m\u00fc\u015fterilerimizin pazara giri\u015f stratejilerini tan\u0131mlamalar\u0131nda yard\u0131mc\u0131 oluyoruz.<\/p>\n\n\n\n<p>Uzmanlar\u0131m\u0131z, m\u00fc\u015fterilerimizin hedef kitlelerinin ihtiya\u00e7 ve isteklerini etkili bir \u015fekilde anlayarak ba\u015far\u0131l\u0131 bir pazara giri\u015f stratejisi tasarlamada geni\u015f deneyime sahiptirler. Farkl\u0131 i\u015f stratejisi modelleri i\u00e7in gerekli olan \u00f6nemli parametreleri, ge\u00e7mi\u015f performans verileri ve ara\u015ft\u0131rmalar\u0131m\u0131zla tan\u0131mlayabiliyoruz.<\/p>\n\n\n\n<h3 class=\"wp-block-heading\">Size nas\u0131l yard\u0131mc\u0131 olabiliriz?&nbsp;<\/h3>\n\n\n\n<p>Ayr\u0131nt\u0131l\u0131 pazar \u00e7al\u0131\u015fmalar\u0131 ve pazara giri\u015f stratejisinin geli\u015ftirilmesinde a\u015fa\u011f\u0131daki konularda \u00f6ng\u00f6r\u00fcler sa\u011flayarak size yard\u0131mc\u0131 olabiliriz:&nbsp;&nbsp;<\/p>\n\n\n\n<ul class=\"wp-block-list\">\n<li>End\u00fcstri analizi \u2013 mevcut durum ve gelecek g\u00f6r\u00fcn\u00fcm,<\/li>\n\n\n\n<li>Pazar segmentleri, b\u00fcy\u00fckl\u00fc\u011f\u00fc ve b\u00fcy\u00fcme potansiyeli,<\/li>\n\n\n\n<li>Hedef pazar analizi,<\/li>\n\n\n\n<li>Rekabet analizi,<\/li>\n\n\n\n<li>M\u00fc\u015fteri segmentasyon analizi,<\/li>\n\n\n\n<li>Talep etkenlerinin dinamikleri ve sonu\u00e7lar\u0131,<\/li>\n\n\n\n<li>Rekabet\u00e7i g\u00f6r\u00fcn\u00fcm \u2013 m\u00fc\u015fteriler, rakipler, tedarik\u00e7iler,<\/li>\n\n\n\n<li>Servis ve \u00fcr\u00fcn farkl\u0131la\u015ft\u0131rmas\u0131,<\/li>\n\n\n\n<li>Pazara giri\u015f i\u00e7in yeni bir i\u015f modeli se\u00e7me,<\/li>\n\n\n\n<li>End\u00fcstri d\u00fczenlemeleri ve vergilendirme,<\/li>\n\n\n\n<li>Pazara giri\u015f alternatiflerinin analizi, greenfield projeleri, sat\u0131n almalar, ortak giri\u015fimler veya yerli yat\u0131r\u0131mc\u0131larla ortakl\u0131klar,<\/li>\n\n\n\n<li>Yat\u0131r\u0131mlar ve getiriler \u00fczerine hesaplamalar,<\/li>\n\n\n\n<li>Belli se\u00e7eneklere dayanarak detayl\u0131 uygulama planlar\u0131n\u0131n geli\u015ftirilmesi.<\/li>\n<\/ul>\n","protected":false},"excerpt":{"rendered":"<p>Ba\u015far\u0131l\u0131 bir i\u015f stratejisi geli\u015ftirmek; i\u015fin, piyasan\u0131n ve m\u00fc\u015fterilerin kapsaml\u0131 bir \u015fekilde anla\u015f\u0131lmas\u0131n\u0131 gerektirmektedir. Sekt\u00f6r ve strateji uzmanl\u0131\u011f\u0131m\u0131z\u0131 pazar inceleme deneyimimizle b\u00fct\u00fcnle\u015ftirerek, m\u00fc\u015fterilerimizin pazara giri\u015f stratejilerini tan\u0131mlamalar\u0131nda yard\u0131mc\u0131 oluyoruz. Uzmanlar\u0131m\u0131z, m\u00fc\u015fterilerimizin hedef kitlelerinin ihtiya\u00e7 ve isteklerini etkili bir \u015fekilde anlayarak ba\u015far\u0131l\u0131 bir pazara giri\u015f stratejisi tasarlamada geni\u015f deneyime sahiptirler. Farkl\u0131 i\u015f stratejisi modelleri i\u00e7in gerekli &hellip;<\/p>\n<p class=\"read-more\"> <a class=\"\" href=\"https:\/\/bmkdanismanlik.com\/?page_id=506\"> <span class=\"screen-reader-text\">Pazar Ara\u015ft\u0131rmas\u0131 &#8211; Pazara Giri\u015f Stratejisi<\/span> Devam\u0131 &raquo;<\/a><\/p>\n","protected":false},"author":1,"featured_media":0,"parent":0,"menu_order":0,"comment_status":"closed","ping_status":"closed","template":"","meta":{"site-sidebar-layout":"default","site-content-layout":"default","ast-global-header-display":"","ast-main-header-display":"","ast-hfb-above-header-display":"","ast-hfb-below-header-display":"","ast-hfb-mobile-header-display":"","site-post-title":"","ast-breadcrumbs-content":"","ast-featured-img":"","footer-sml-layout":"","theme-transparent-header-meta":"","adv-header-id-meta":"","stick-header-meta":"","header-above-stick-meta":"","header-main-stick-meta":"","header-below-stick-meta":"","footnotes":""},"class_list":["post-506","page","type-page","status-publish","hentry"],"_links":{"self":[{"href":"https:\/\/bmkdanismanlik.com\/index.php?rest_route=\/wp\/v2\/pages\/506","targetHints":{"allow":["GET"]}}],"collection":[{"href":"https:\/\/bmkdanismanlik.com\/index.php?rest_route=\/wp\/v2\/pages"}],"about":[{"href":"https:\/\/bmkdanismanlik.com\/index.php?rest_route=\/wp\/v2\/types\/page"}],"author":[{"embeddable":true,"href":"https:\/\/bmkdanismanlik.com\/index.php?rest_route=\/wp\/v2\/users\/1"}],"replies":[{"embeddable":true,"href":"https:\/\/bmkdanismanlik.com\/index.php?rest_route=%2Fwp%2Fv2%2Fcomments&post=506"}],"version-history":[{"count":0,"href":"https:\/\/bmkdanismanlik.com\/index.php?rest_route=\/wp\/v2\/pages\/506\/revisions"}],"wp:attachment":[{"href":"https:\/\/bmkdanismanlik.com\/index.php?rest_route=%2Fwp%2Fv2%2Fmedia&parent=506"}],"curies":[{"name":"wp","href":"https:\/\/api.w.org\/{rel}","templated":true}]}}