{"id":508,"date":"2023-03-24T14:21:04","date_gmt":"2023-03-24T11:21:04","guid":{"rendered":"https:\/\/bmkdanismanlik.com\/?page_id=508"},"modified":"2023-03-24T14:21:05","modified_gmt":"2023-03-24T11:21:05","slug":"kurumsal-performans-yonetimi","status":"publish","type":"page","link":"https:\/\/bmkdanismanlik.com\/?page_id=508","title":{"rendered":"Kurumsal Performans Y\u00f6netimi"},"content":{"rendered":"\n<p>G\u00fcn\u00fcm\u00fcz\u00fcn de\u011fi\u015fken piyasalar\u0131nda ba\u015far\u0131l\u0131 olabilmek i\u00e7in i\u015f kararlar\u0131n\u0131 h\u0131zl\u0131 ve g\u00fcvenli bir \u015fekilde verebilmek gerekmektedir. \u0130\u015f hedeflerinize ula\u015fma yolunda kurumunuzun performans\u0131n\u0131 \u00f6l\u00e7ebilmek ve do\u011fru kararlar\u0131 verebilmek i\u00e7in, kurumunuzun genelinde neler olup bitti\u011fini do\u011fru bir \u015fekilde size anlatan detayl\u0131 ve g\u00fcncel veriye ihtiyac\u0131n\u0131z vard\u0131r.Kurumsal Performans Y\u00f6netimi, hedeflenen sonu\u00e7lar\u0131 elde etmek i\u00e7in kurumunuzun t\u00fcm birimlerinin performans y\u00f6netimini aktif olarak tutarl\u0131 ve verimli bir \u015fekilde yapman\u0131z\u0131 sa\u011flar. Bu s\u00fcre\u00e7 hem ge\u00e7mi\u015fte nas\u0131l bir performans g\u00f6sterdi\u011finizi incelemenizi hem de do\u011fru bilgi ve \u00f6ng\u00f6r\u00fcy\u00fc size sunarak gelece\u011fe y\u00f6nelik do\u011fru kararlar alman\u0131z\u0131 sa\u011flar.<\/p>\n\n\n\n<figure class=\"wp-block-image size-full\"><img loading=\"lazy\" decoding=\"async\" width=\"1000\" height=\"600\" src=\"http:\/\/bmkdanismanlik.com\/wp-content\/uploads\/2023\/03\/darts-arrows-target-center-business-concept.jpg\" alt=\"\" class=\"wp-image-364\" srcset=\"https:\/\/bmkdanismanlik.com\/wp-content\/uploads\/2023\/03\/darts-arrows-target-center-business-concept.jpg 1000w, https:\/\/bmkdanismanlik.com\/wp-content\/uploads\/2023\/03\/darts-arrows-target-center-business-concept-300x180.jpg 300w, https:\/\/bmkdanismanlik.com\/wp-content\/uploads\/2023\/03\/darts-arrows-target-center-business-concept-768x461.jpg 768w\" sizes=\"auto, (max-width: 1000px) 100vw, 1000px\" \/><\/figure>\n\n\n\n<p><\/p>\n","protected":false},"excerpt":{"rendered":"<p>G\u00fcn\u00fcm\u00fcz\u00fcn de\u011fi\u015fken piyasalar\u0131nda ba\u015far\u0131l\u0131 olabilmek i\u00e7in i\u015f kararlar\u0131n\u0131 h\u0131zl\u0131 ve g\u00fcvenli bir \u015fekilde verebilmek gerekmektedir. \u0130\u015f hedeflerinize ula\u015fma yolunda kurumunuzun performans\u0131n\u0131 \u00f6l\u00e7ebilmek ve do\u011fru kararlar\u0131 verebilmek i\u00e7in, kurumunuzun genelinde neler olup bitti\u011fini do\u011fru bir \u015fekilde size anlatan detayl\u0131 ve g\u00fcncel veriye ihtiyac\u0131n\u0131z vard\u0131r.Kurumsal Performans Y\u00f6netimi, hedeflenen sonu\u00e7lar\u0131 elde etmek i\u00e7in kurumunuzun t\u00fcm birimlerinin performans y\u00f6netimini &hellip;<\/p>\n<p class=\"read-more\"> <a class=\"\" href=\"https:\/\/bmkdanismanlik.com\/?page_id=508\"> <span class=\"screen-reader-text\">Kurumsal Performans Y\u00f6netimi<\/span> Devam\u0131 &raquo;<\/a><\/p>\n","protected":false},"author":1,"featured_media":0,"parent":0,"menu_order":0,"comment_status":"closed","ping_status":"closed","template":"","meta":{"site-sidebar-layout":"default","site-content-layout":"default","ast-global-header-display":"","ast-main-header-display":"","ast-hfb-above-header-display":"","ast-hfb-below-header-display":"","ast-hfb-mobile-header-display":"","site-post-title":"","ast-breadcrumbs-content":"","ast-featured-img":"","footer-sml-layout":"","theme-transparent-header-meta":"","adv-header-id-meta":"","stick-header-meta":"","header-above-stick-meta":"","header-main-stick-meta":"","header-below-stick-meta":"","footnotes":""},"class_list":["post-508","page","type-page","status-publish","hentry"],"_links":{"self":[{"href":"https:\/\/bmkdanismanlik.com\/index.php?rest_route=\/wp\/v2\/pages\/508","targetHints":{"allow":["GET"]}}],"collection":[{"href":"https:\/\/bmkdanismanlik.com\/index.php?rest_route=\/wp\/v2\/pages"}],"about":[{"href":"https:\/\/bmkdanismanlik.com\/index.php?rest_route=\/wp\/v2\/types\/page"}],"author":[{"embeddable":true,"href":"https:\/\/bmkdanismanlik.com\/index.php?rest_route=\/wp\/v2\/users\/1"}],"replies":[{"embeddable":true,"href":"https:\/\/bmkdanismanlik.com\/index.php?rest_route=%2Fwp%2Fv2%2Fcomments&post=508"}],"version-history":[{"count":0,"href":"https:\/\/bmkdanismanlik.com\/index.php?rest_route=\/wp\/v2\/pages\/508\/revisions"}],"wp:attachment":[{"href":"https:\/\/bmkdanismanlik.com\/index.php?rest_route=%2Fwp%2Fv2%2Fmedia&parent=508"}],"curies":[{"name":"wp","href":"https:\/\/api.w.org\/{rel}","templated":true}]}}