{"id":510,"date":"2023-03-24T14:22:26","date_gmt":"2023-03-24T11:22:26","guid":{"rendered":"https:\/\/bmkdanismanlik.com\/?page_id=510"},"modified":"2023-03-24T14:22:27","modified_gmt":"2023-03-24T11:22:27","slug":"satis-pazarlama","status":"publish","type":"page","link":"https:\/\/bmkdanismanlik.com\/?page_id=510","title":{"rendered":"Sat\u0131\u015f &#038; Pazarlama"},"content":{"rendered":"\n<h3 class=\"wp-block-heading\">Size nas\u0131l yard\u0131mc\u0131 olabiliriz?<\/h3>\n\n\n\n<p>Ba\u015far\u0131l\u0131 pazarlama ve sat\u0131\u015f stratejileri geli\u015ftirmek i\u015f d\u00fcnyas\u0131n\u0131, pazar yap\u0131s\u0131n\u0131 ve m\u00fc\u015fterileri kapsaml\u0131 olarak anlamay\u0131 gerektirir. Biz pazarlama ve sat\u0131\u015f stratejilerini haz\u0131rlama konusunda uzun y\u0131llar\u0131n getirdi\u011fi deneyime sahibiz. Pazarlama ve sat\u0131\u015f stratejilerinizi g\u00f6zden ge\u00e7irerek olanaklar\u0131n\u0131z\u0131 ve aktivitelerinizi de\u011ferlendirip size en etkin pazarlama ve sat\u0131\u015f modelini \u00f6nerebiliriz. Bu konu ile ilgili ba\u015fl\u0131ca hizmet alanlar\u0131m\u0131z a\u015fa\u011f\u0131da \u00f6zetlenmi\u015ftir:<\/p>\n\n\n\n<p>&#8211; Piyasa analizleri yapmak ve piyasa potansiyelini tahmin etmek,<\/p>\n\n\n\n<p>&#8211; Marka stratejileri geli\u015ftirmek,<\/p>\n\n\n\n<p>&#8211; \u015eirketin \u00fcr\u00fcn portf\u00f6y\u00fcn\u00fc g\u00f6zden ge\u00e7irerek gelir potansiyelini maksimuma \u00e7ekmek i\u00e7in en uygun \u00fcr\u00fcn piyasa konumland\u0131rmas\u0131n\u0131 ger\u00e7ekle\u015ftirmek,<\/p>\n\n\n\n<p>&#8211; Piyasa\/m\u00fc\u015fteri anketleri yapmak, odak gruplar\u0131 olu\u015fturmak ve sonu\u00e7lar\u0131 analiz etmek. Bu y\u00f6ntem sat\u0131\u015f kanal\u0131 etkinli\u011fini, m\u00fc\u015fteri memnuniyetini ve sat\u0131n almalardaki kriterleri de\u011ferlendirmektedir. Bu kapsamda ayr\u0131ca rakip analizleri de de\u011ferlendirilmektedir.<\/p>\n\n\n\n<p>&#8211; Hedef segmentleri ve hedef gruplar\u0131 belirlemek,<\/p>\n\n\n\n<p>&#8211; Segmentasyon modelleri yaratmak, her bir segment i\u00e7in anahtar \u00f6zellikleri te\u015fhis etmek ve segmentin istek ve ihtiya\u00e7lar\u0131n\u0131 belirlemek,<\/p>\n\n\n\n<p>&#8211; Rekabet analizleri haz\u0131rlamak,<\/p>\n\n\n\n<p>&#8211; Fiyatland\u0131rma modellerini analiz etmek ve g\u00f6zden ge\u00e7irmek, gelir ve karl\u0131l\u0131\u011f\u0131 art\u0131rmak i\u00e7in en uygun stratejileri se\u00e7mek,<\/p>\n\n\n\n<p>&#8211; Zamanlama ve sorumluluk detaylar\u0131n\u0131 i\u00e7eren uygulama planlar\u0131 haz\u0131rlamak (\u201cPazara Giri\u015f\u201d plan\u0131),<\/p>\n\n\n\n<p>&#8211; Pazarlama yat\u0131r\u0131mlar\u0131n\u0131n ihtiya\u00e7 ve faydalar\u0131n\u0131 belirlemek,<\/p>\n\n\n\n<p>&#8211; Pazarlama yat\u0131r\u0131mlar\u0131n\u0131n etkinli\u011fini art\u0131rmak,<\/p>\n\n\n\n<p>&#8211; \u00dcr\u00fcn stratejilerini kanal stratejileriyle paralel hale getirmek,<\/p>\n\n\n\n<p>&#8211; Yeni bir \u00fcr\u00fcn ya da hizmetin pazara sunumunu ba\u015far\u0131l\u0131 bir \u015fekilde sa\u011flamak i\u00e7in do\u011fru da\u011f\u0131t\u0131m kanallar\u0131 kombinasyonunu belirlemek,<\/p>\n\n\n\n<p>&#8211; Daha etkin sat\u0131\u015f g\u00fcc\u00fc olu\u015fturmak,<\/p>\n\n\n\n<p>&#8211; Tutarl\u0131 ve s\u00fcrd\u00fcr\u00fclebilir sat\u0131\u015f s\u00fcreci geli\u015ftirmek,<\/p>\n\n\n\n<p>&#8211; Piyasadaki her da\u011f\u0131t\u0131m kanal\u0131n\u0131n i\u015fletme maliyetlerini analiz etmek ve bu kanallar kapsam\u0131ndaki \u00fcr\u00fcnlerin ya da hizmetlerin do\u011fru fiyatland\u0131rmas\u0131n\u0131 de\u011ferlendirmek,<\/p>\n\n\n\n<p>&#8211; Sat\u0131\u015f ekibi i\u00e7in performans \u00f6l\u00e7\u00fcm kriterlerini tan\u0131mlamak, olu\u015fturmak ve uygulamak.<\/p>\n\n\n\n<figure class=\"wp-block-image size-full\"><img loading=\"lazy\" decoding=\"async\" width=\"1000\" height=\"600\" src=\"http:\/\/bmkdanismanlik.com\/wp-content\/uploads\/2023\/03\/conceptual-business-withx-wooden-blocks-column-with-icons.jpg\" alt=\"\" class=\"wp-image-373\" srcset=\"https:\/\/bmkdanismanlik.com\/wp-content\/uploads\/2023\/03\/conceptual-business-withx-wooden-blocks-column-with-icons.jpg 1000w, https:\/\/bmkdanismanlik.com\/wp-content\/uploads\/2023\/03\/conceptual-business-withx-wooden-blocks-column-with-icons-300x180.jpg 300w, https:\/\/bmkdanismanlik.com\/wp-content\/uploads\/2023\/03\/conceptual-business-withx-wooden-blocks-column-with-icons-768x461.jpg 768w\" sizes=\"auto, (max-width: 1000px) 100vw, 1000px\" \/><\/figure>\n","protected":false},"excerpt":{"rendered":"<p>Size nas\u0131l yard\u0131mc\u0131 olabiliriz? Ba\u015far\u0131l\u0131 pazarlama ve sat\u0131\u015f stratejileri geli\u015ftirmek i\u015f d\u00fcnyas\u0131n\u0131, pazar yap\u0131s\u0131n\u0131 ve m\u00fc\u015fterileri kapsaml\u0131 olarak anlamay\u0131 gerektirir. Biz pazarlama ve sat\u0131\u015f stratejilerini haz\u0131rlama konusunda uzun y\u0131llar\u0131n getirdi\u011fi deneyime sahibiz. Pazarlama ve sat\u0131\u015f stratejilerinizi g\u00f6zden ge\u00e7irerek olanaklar\u0131n\u0131z\u0131 ve aktivitelerinizi de\u011ferlendirip size en etkin pazarlama ve sat\u0131\u015f modelini \u00f6nerebiliriz. Bu konu ile ilgili ba\u015fl\u0131ca &hellip;<\/p>\n<p class=\"read-more\"> <a class=\"\" href=\"https:\/\/bmkdanismanlik.com\/?page_id=510\"> <span class=\"screen-reader-text\">Sat\u0131\u015f &#038; Pazarlama<\/span> Devam\u0131 &raquo;<\/a><\/p>\n","protected":false},"author":1,"featured_media":0,"parent":0,"menu_order":0,"comment_status":"closed","ping_status":"closed","template":"","meta":{"site-sidebar-layout":"default","site-content-layout":"default","ast-global-header-display":"","ast-main-header-display":"","ast-hfb-above-header-display":"","ast-hfb-below-header-display":"","ast-hfb-mobile-header-display":"","site-post-title":"","ast-breadcrumbs-content":"","ast-featured-img":"","footer-sml-layout":"","theme-transparent-header-meta":"","adv-header-id-meta":"","stick-header-meta":"","header-above-stick-meta":"","header-main-stick-meta":"","header-below-stick-meta":"","footnotes":""},"class_list":["post-510","page","type-page","status-publish","hentry"],"_links":{"self":[{"href":"https:\/\/bmkdanismanlik.com\/index.php?rest_route=\/wp\/v2\/pages\/510","targetHints":{"allow":["GET"]}}],"collection":[{"href":"https:\/\/bmkdanismanlik.com\/index.php?rest_route=\/wp\/v2\/pages"}],"about":[{"href":"https:\/\/bmkdanismanlik.com\/index.php?rest_route=\/wp\/v2\/types\/page"}],"author":[{"embeddable":true,"href":"https:\/\/bmkdanismanlik.com\/index.php?rest_route=\/wp\/v2\/users\/1"}],"replies":[{"embeddable":true,"href":"https:\/\/bmkdanismanlik.com\/index.php?rest_route=%2Fwp%2Fv2%2Fcomments&post=510"}],"version-history":[{"count":0,"href":"https:\/\/bmkdanismanlik.com\/index.php?rest_route=\/wp\/v2\/pages\/510\/revisions"}],"wp:attachment":[{"href":"https:\/\/bmkdanismanlik.com\/index.php?rest_route=%2Fwp%2Fv2%2Fmedia&parent=510"}],"curies":[{"name":"wp","href":"https:\/\/api.w.org\/{rel}","templated":true}]}}