{"id":512,"date":"2023-03-24T14:23:36","date_gmt":"2023-03-24T11:23:36","guid":{"rendered":"https:\/\/bmkdanismanlik.com\/?page_id=512"},"modified":"2023-03-24T14:23:36","modified_gmt":"2023-03-24T11:23:36","slug":"strateji-ve-yonetim-danismanligi","status":"publish","type":"page","link":"https:\/\/bmkdanismanlik.com\/?page_id=512","title":{"rendered":"Strateji ve Y\u00f6netim Dan\u0131\u015fmanl\u0131\u011f\u0131"},"content":{"rendered":"\n<p>Size nas\u0131l destek olabiliriz?<\/p>\n\n\n\n<p>BMK Dan\u0131\u015fmanl\u0131k Strateji ve Y\u00f6netim Dan\u0131\u015fmanl\u0131\u011f\u0131 Ekibi olarak, kurulu\u015funuzun temel operasyonlar\u0131n\u0131n etkinlik ve verimlili\u011fini art\u0131rman\u0131z da ve kurumsal stratejinizi belirlemenizde sizlere destek oluyoruz. Temel yakla\u015f\u0131m\u0131m\u0131z, i\u015finizi ve kar\u015f\u0131n\u0131zdaki se\u00e7eneklerin ticari etkilerini daha geni\u015f perspektifte anlamakt\u0131r. Ekonomi ve end\u00fcstri bilgimizi teknik uzmanl\u0131klar\u0131m\u0131zla birle\u015ftirerek m\u00fc\u015fterilerimiz i\u00e7in do\u011fru sonu\u00e7lara ula\u015f\u0131yoruz.<\/p>\n\n\n\n<figure class=\"wp-block-image size-large\"><img loading=\"lazy\" decoding=\"async\" width=\"1024\" height=\"576\" src=\"http:\/\/bmkdanismanlik.com\/wp-content\/uploads\/2023\/03\/STR_business_background3-1024x576.jpg\" alt=\"\" class=\"wp-image-313\" srcset=\"https:\/\/bmkdanismanlik.com\/wp-content\/uploads\/2023\/03\/STR_business_background3-1024x576.jpg 1024w, https:\/\/bmkdanismanlik.com\/wp-content\/uploads\/2023\/03\/STR_business_background3-300x169.jpg 300w, https:\/\/bmkdanismanlik.com\/wp-content\/uploads\/2023\/03\/STR_business_background3-768x432.jpg 768w, https:\/\/bmkdanismanlik.com\/wp-content\/uploads\/2023\/03\/STR_business_background3-1536x864.jpg 1536w, https:\/\/bmkdanismanlik.com\/wp-content\/uploads\/2023\/03\/STR_business_background3.jpg 1920w\" sizes=\"auto, (max-width: 1024px) 100vw, 1024px\" \/><\/figure>\n","protected":false},"excerpt":{"rendered":"<p>Size nas\u0131l destek olabiliriz? BMK Dan\u0131\u015fmanl\u0131k Strateji ve Y\u00f6netim Dan\u0131\u015fmanl\u0131\u011f\u0131 Ekibi olarak, kurulu\u015funuzun temel operasyonlar\u0131n\u0131n etkinlik ve verimlili\u011fini art\u0131rman\u0131z da ve kurumsal stratejinizi belirlemenizde sizlere destek oluyoruz. Temel yakla\u015f\u0131m\u0131m\u0131z, i\u015finizi ve kar\u015f\u0131n\u0131zdaki se\u00e7eneklerin ticari etkilerini daha geni\u015f perspektifte anlamakt\u0131r. Ekonomi ve end\u00fcstri bilgimizi teknik uzmanl\u0131klar\u0131m\u0131zla birle\u015ftirerek m\u00fc\u015fterilerimiz i\u00e7in do\u011fru sonu\u00e7lara ula\u015f\u0131yoruz.<\/p>\n","protected":false},"author":1,"featured_media":0,"parent":0,"menu_order":0,"comment_status":"closed","ping_status":"closed","template":"","meta":{"site-sidebar-layout":"default","site-content-layout":"default","ast-global-header-display":"","ast-main-header-display":"","ast-hfb-above-header-display":"","ast-hfb-below-header-display":"","ast-hfb-mobile-header-display":"","site-post-title":"","ast-breadcrumbs-content":"","ast-featured-img":"","footer-sml-layout":"","theme-transparent-header-meta":"","adv-header-id-meta":"","stick-header-meta":"","header-above-stick-meta":"","header-main-stick-meta":"","header-below-stick-meta":"","footnotes":""},"class_list":["post-512","page","type-page","status-publish","hentry"],"_links":{"self":[{"href":"https:\/\/bmkdanismanlik.com\/index.php?rest_route=\/wp\/v2\/pages\/512","targetHints":{"allow":["GET"]}}],"collection":[{"href":"https:\/\/bmkdanismanlik.com\/index.php?rest_route=\/wp\/v2\/pages"}],"about":[{"href":"https:\/\/bmkdanismanlik.com\/index.php?rest_route=\/wp\/v2\/types\/page"}],"author":[{"embeddable":true,"href":"https:\/\/bmkdanismanlik.com\/index.php?rest_route=\/wp\/v2\/users\/1"}],"replies":[{"embeddable":true,"href":"https:\/\/bmkdanismanlik.com\/index.php?rest_route=%2Fwp%2Fv2%2Fcomments&post=512"}],"version-history":[{"count":0,"href":"https:\/\/bmkdanismanlik.com\/index.php?rest_route=\/wp\/v2\/pages\/512\/revisions"}],"wp:attachment":[{"href":"https:\/\/bmkdanismanlik.com\/index.php?rest_route=%2Fwp%2Fv2%2Fmedia&parent=512"}],"curies":[{"name":"wp","href":"https:\/\/api.w.org\/{rel}","templated":true}]}}