{"id":514,"date":"2023-03-24T14:24:29","date_gmt":"2023-03-24T11:24:29","guid":{"rendered":"https:\/\/bmkdanismanlik.com\/?page_id=514"},"modified":"2023-03-24T14:28:03","modified_gmt":"2023-03-24T11:28:03","slug":"yonetim-hizmetleri","status":"publish","type":"page","link":"https:\/\/bmkdanismanlik.com\/?page_id=514","title":{"rendered":"Y\u00f6netim Hizmetleri"},"content":{"rendered":"\t\t<div data-elementor-type=\"wp-page\" data-elementor-id=\"514\" class=\"elementor elementor-514\">\n\t\t\t\t\t\t\t\t\t<section class=\"elementor-section elementor-top-section elementor-element elementor-element-014da82 elementor-section-boxed elementor-section-height-default elementor-section-height-default\" data-id=\"014da82\" data-element_type=\"section\">\n\t\t\t\t\t\t<div class=\"elementor-container elementor-column-gap-default\">\n\t\t\t\t\t<div class=\"elementor-column elementor-col-100 elementor-top-column elementor-element elementor-element-53122e9\" data-id=\"53122e9\" data-element_type=\"column\">\n\t\t\t<div class=\"elementor-widget-wrap elementor-element-populated\">\n\t\t\t\t\t\t\t\t<div class=\"elementor-element elementor-element-ceb5a93 elementor-widget elementor-widget-heading\" data-id=\"ceb5a93\" data-element_type=\"widget\" data-widget_type=\"heading.default\">\n\t\t\t\t<div class=\"elementor-widget-container\">\n\t\t\t<style>\/*! elementor - v3.16.0 - 17-10-2023 *\/\n.elementor-heading-title{padding:0;margin:0;line-height:1}.elementor-widget-heading .elementor-heading-title[class*=elementor-size-]>a{color:inherit;font-size:inherit;line-height:inherit}.elementor-widget-heading .elementor-heading-title.elementor-size-small{font-size:15px}.elementor-widget-heading .elementor-heading-title.elementor-size-medium{font-size:19px}.elementor-widget-heading .elementor-heading-title.elementor-size-large{font-size:29px}.elementor-widget-heading .elementor-heading-title.elementor-size-xl{font-size:39px}.elementor-widget-heading .elementor-heading-title.elementor-size-xxl{font-size:59px}<\/style><h2 class=\"elementor-heading-title elementor-size-default\">Y\u00f6netim Hizmetleri<\/h2>\t\t<\/div>\n\t\t\t\t<\/div>\n\t\t\t\t\t<\/div>\n\t\t<\/div>\n\t\t\t\t\t\t\t<\/div>\n\t\t<\/section>\n\t\t\t\t<section class=\"elementor-section elementor-top-section elementor-element elementor-element-4326ff9 elementor-section-boxed elementor-section-height-default elementor-section-height-default elementor-invisible\" data-id=\"4326ff9\" data-element_type=\"section\" data-settings=\"{&quot;animation&quot;:&quot;fadeIn&quot;}\">\n\t\t\t\t\t\t<div class=\"elementor-container elementor-column-gap-default\">\n\t\t\t\t\t<div class=\"elementor-column elementor-col-33 elementor-top-column elementor-element elementor-element-b92d057\" data-id=\"b92d057\" data-element_type=\"column\">\n\t\t\t<div class=\"elementor-widget-wrap elementor-element-populated\">\n\t\t\t\t\t\t\t\t<div class=\"elementor-element elementor-element-9e923cc elementor-position-top elementor-widget elementor-widget-image-box\" data-id=\"9e923cc\" data-element_type=\"widget\" data-widget_type=\"image-box.default\">\n\t\t\t\t<div class=\"elementor-widget-container\">\n\t\t\t<style>\/*! elementor - v3.16.0 - 17-10-2023 *\/\n.elementor-widget-image-box .elementor-image-box-content{width:100%}@media (min-width:768px){.elementor-widget-image-box.elementor-position-left .elementor-image-box-wrapper,.elementor-widget-image-box.elementor-position-right .elementor-image-box-wrapper{display:flex}.elementor-widget-image-box.elementor-position-right .elementor-image-box-wrapper{text-align:right;flex-direction:row-reverse}.elementor-widget-image-box.elementor-position-left .elementor-image-box-wrapper{text-align:left;flex-direction:row}.elementor-widget-image-box.elementor-position-top .elementor-image-box-img{margin:auto}.elementor-widget-image-box.elementor-vertical-align-top .elementor-image-box-wrapper{align-items:flex-start}.elementor-widget-image-box.elementor-vertical-align-middle .elementor-image-box-wrapper{align-items:center}.elementor-widget-image-box.elementor-vertical-align-bottom .elementor-image-box-wrapper{align-items:flex-end}}@media (max-width:767px){.elementor-widget-image-box .elementor-image-box-img{margin-left:auto!important;margin-right:auto!important;margin-bottom:15px}}.elementor-widget-image-box .elementor-image-box-img{display:inline-block}.elementor-widget-image-box .elementor-image-box-title a{color:inherit}.elementor-widget-image-box .elementor-image-box-wrapper{text-align:center}.elementor-widget-image-box .elementor-image-box-description{margin:0}<\/style><div class=\"elementor-image-box-wrapper\"><figure class=\"elementor-image-box-img\"><img loading=\"lazy\" decoding=\"async\" width=\"1280\" height=\"848\" src=\"https:\/\/bmkdanismanlik.com\/wp-content\/uploads\/2023\/03\/berlin-germany-the-mall-4394715.jpg\" class=\"attachment-full size-full wp-image-341\" alt=\"berlin, germany, the mall-4394715.jpg\" srcset=\"https:\/\/bmkdanismanlik.com\/wp-content\/uploads\/2023\/03\/berlin-germany-the-mall-4394715.jpg 1280w, https:\/\/bmkdanismanlik.com\/wp-content\/uploads\/2023\/03\/berlin-germany-the-mall-4394715-300x199.jpg 300w, https:\/\/bmkdanismanlik.com\/wp-content\/uploads\/2023\/03\/berlin-germany-the-mall-4394715-1024x678.jpg 1024w, https:\/\/bmkdanismanlik.com\/wp-content\/uploads\/2023\/03\/berlin-germany-the-mall-4394715-768x509.jpg 768w\" sizes=\"auto, (max-width: 1280px) 100vw, 1280px\" \/><\/figure><div class=\"elementor-image-box-content\"><h3 class=\"elementor-image-box-title\">AVM Y\u00f6netimi<\/h3><p class=\"elementor-image-box-description\">Y\u00f6netim standartlar\u0131n\u0131n belirlenmesi. AVM\u2018nin y\u00f6netilmesi i\u00e7in i\u015fletme plan\u0131 ve b\u00fct\u00e7esinin haz\u0131rlanmas\u0131. AVM organizasyon \u015femas\u0131n\u0131n ve g\u00f6rev tan\u0131mlar\u0131n olu\u015fturulmas\u0131. AVM\u2019nin t\u00fcm hizmetlerinin \u00f6l\u00e7\u00fclebilir formata d\u00f6k\u00fclmesi, raporlama ve denetim mekanizmalar\u0131n\u0131n kurulmas\u0131.<\/p><\/div><\/div>\t\t<\/div>\n\t\t\t\t<\/div>\n\t\t\t\t\t<\/div>\n\t\t<\/div>\n\t\t\t\t<div class=\"elementor-column elementor-col-33 elementor-top-column elementor-element elementor-element-8622f54\" data-id=\"8622f54\" data-element_type=\"column\">\n\t\t\t<div class=\"elementor-widget-wrap elementor-element-populated\">\n\t\t\t\t\t\t\t\t<div class=\"elementor-element elementor-element-c81a43a elementor-position-top elementor-widget elementor-widget-image-box\" data-id=\"c81a43a\" data-element_type=\"widget\" data-widget_type=\"image-box.default\">\n\t\t\t\t<div class=\"elementor-widget-container\">\n\t\t\t<div class=\"elementor-image-box-wrapper\"><figure class=\"elementor-image-box-img\"><img loading=\"lazy\" decoding=\"async\" width=\"1280\" height=\"853\" src=\"https:\/\/bmkdanismanlik.com\/wp-content\/uploads\/2023\/03\/shopping-mall-square-mall-1126485.jpg\" class=\"attachment-full size-full wp-image-342\" alt=\"shopping mall, square, mall-1126485.jpg\" srcset=\"https:\/\/bmkdanismanlik.com\/wp-content\/uploads\/2023\/03\/shopping-mall-square-mall-1126485.jpg 1280w, https:\/\/bmkdanismanlik.com\/wp-content\/uploads\/2023\/03\/shopping-mall-square-mall-1126485-300x200.jpg 300w, https:\/\/bmkdanismanlik.com\/wp-content\/uploads\/2023\/03\/shopping-mall-square-mall-1126485-1024x682.jpg 1024w, https:\/\/bmkdanismanlik.com\/wp-content\/uploads\/2023\/03\/shopping-mall-square-mall-1126485-768x512.jpg 768w\" sizes=\"auto, (max-width: 1280px) 100vw, 1280px\" \/><\/figure><div class=\"elementor-image-box-content\"><h3 class=\"elementor-image-box-title\">AVM Kiralama<\/h3><p class=\"elementor-image-box-description\">AVM\u2019nin lokasyonuna uygun shopmix planlamas\u0131n\u0131n yap\u0131lmas\u0131, AVM\u2019nin yap\u0131s\u0131na uygun ulusal ve global potansiyel kirac\u0131lar\u0131n belirlenmesi. Sekt\u00f6rel kira analizlerinin olu\u015fturulmas\u0131. Kirac\u0131 adaylar\u0131 ile \u00f6n g\u00f6r\u00fc\u015fmelerin ger\u00e7ekle\u015ftirilmesi.<\/p><\/div><\/div>\t\t<\/div>\n\t\t\t\t<\/div>\n\t\t\t\t\t<\/div>\n\t\t<\/div>\n\t\t\t\t<div class=\"elementor-column elementor-col-33 elementor-top-column elementor-element elementor-element-b88233e\" data-id=\"b88233e\" data-element_type=\"column\">\n\t\t\t<div class=\"elementor-widget-wrap elementor-element-populated\">\n\t\t\t\t\t\t\t\t<div class=\"elementor-element elementor-element-a43621a elementor-position-top elementor-widget elementor-widget-image-box\" data-id=\"a43621a\" data-element_type=\"widget\" data-widget_type=\"image-box.default\">\n\t\t\t\t<div class=\"elementor-widget-container\">\n\t\t\t<div class=\"elementor-image-box-wrapper\"><figure class=\"elementor-image-box-img\"><img loading=\"lazy\" decoding=\"async\" width=\"1280\" height=\"848\" src=\"https:\/\/bmkdanismanlik.com\/wp-content\/uploads\/2023\/03\/entrepreneur-startup-start-up-593362.jpg\" class=\"attachment-full size-full wp-image-343\" alt=\"entrepreneur, startup, start-up-593362.jpg\" srcset=\"https:\/\/bmkdanismanlik.com\/wp-content\/uploads\/2023\/03\/entrepreneur-startup-start-up-593362.jpg 1280w, https:\/\/bmkdanismanlik.com\/wp-content\/uploads\/2023\/03\/entrepreneur-startup-start-up-593362-300x199.jpg 300w, https:\/\/bmkdanismanlik.com\/wp-content\/uploads\/2023\/03\/entrepreneur-startup-start-up-593362-1024x678.jpg 1024w, https:\/\/bmkdanismanlik.com\/wp-content\/uploads\/2023\/03\/entrepreneur-startup-start-up-593362-768x509.jpg 768w\" sizes=\"auto, (max-width: 1280px) 100vw, 1280px\" \/><\/figure><div class=\"elementor-image-box-content\"><h3 class=\"elementor-image-box-title\"> Kurumsal Performans Y\u00f6netimi<\/h3><p class=\"elementor-image-box-description\">G\u00fcn\u00fcm\u00fcz\u00fcn de\u011fi\u015fken piyasalar\u0131nda ba\u015far\u0131l\u0131 olabilmek i\u00e7in i\u015f kararlar\u0131n\u0131 h\u0131zl\u0131 ve g\u00fcvenli bir \u015fekilde verebilmek gerekmektedir. \u0130\u015f hedeflerinize ula\u015fma yolunda kurumunuzun performans\u0131n\u0131 \u00f6l\u00e7ebilmek ve do\u011fru kararlar\u0131 verebilmek i\u00e7in, kurumunuzun genelinde neler olup bitti\u011fini do\u011fru bir \u015fekilde size anlatan detayl\u0131 ve g\u00fcncel veriye ihtiyac\u0131n\u0131z vard\u0131r.<\/p><\/div><\/div>\t\t<\/div>\n\t\t\t\t<\/div>\n\t\t\t\t\t<\/div>\n\t\t<\/div>\n\t\t\t\t\t\t\t<\/div>\n\t\t<\/section>\n\t\t\t\t<section class=\"elementor-section elementor-top-section elementor-element elementor-element-b491ce1 elementor-section-boxed elementor-section-height-default elementor-section-height-default elementor-invisible\" data-id=\"b491ce1\" data-element_type=\"section\" data-settings=\"{&quot;animation&quot;:&quot;fadeIn&quot;}\">\n\t\t\t\t\t\t<div class=\"elementor-container elementor-column-gap-default\">\n\t\t\t\t\t<div class=\"elementor-column elementor-col-33 elementor-top-column elementor-element elementor-element-4934d35\" data-id=\"4934d35\" data-element_type=\"column\">\n\t\t\t<div class=\"elementor-widget-wrap elementor-element-populated\">\n\t\t\t\t\t\t\t\t<div class=\"elementor-element elementor-element-e185c43 elementor-position-top elementor-widget elementor-widget-image-box\" data-id=\"e185c43\" data-element_type=\"widget\" data-widget_type=\"image-box.default\">\n\t\t\t\t<div class=\"elementor-widget-container\">\n\t\t\t<div class=\"elementor-image-box-wrapper\"><figure class=\"elementor-image-box-img\"><img loading=\"lazy\" decoding=\"async\" width=\"1000\" height=\"600\" src=\"https:\/\/bmkdanismanlik.com\/wp-content\/uploads\/2023\/03\/group-people-working-out-business-plan-office-2.jpg\" class=\"attachment-full size-full wp-image-395\" alt=\"\" srcset=\"https:\/\/bmkdanismanlik.com\/wp-content\/uploads\/2023\/03\/group-people-working-out-business-plan-office-2.jpg 1000w, https:\/\/bmkdanismanlik.com\/wp-content\/uploads\/2023\/03\/group-people-working-out-business-plan-office-2-300x180.jpg 300w, https:\/\/bmkdanismanlik.com\/wp-content\/uploads\/2023\/03\/group-people-working-out-business-plan-office-2-768x461.jpg 768w\" sizes=\"auto, (max-width: 1000px) 100vw, 1000px\" \/><\/figure><div class=\"elementor-image-box-content\"><h3 class=\"elementor-image-box-title\">Kurumsal Performans Y\u00f6netimi<\/h3><p class=\"elementor-image-box-description\"><p>G\u00fcn\u00fcm\u00fcz\u00fcn de\u011fi\u015fken piyasalar\u0131nda ba\u015far\u0131l\u0131 olabilmek i\u00e7in i\u015f kararlar\u0131n\u0131 h\u0131zl\u0131 ve g\u00fcvenli bir \u015fekilde verebilmek gerekmektedir. \u0130\u015f hedeflerinize ula\u015fma yolunda kurumunuzun performans\u0131n\u0131 \u00f6l\u00e7ebilmek ve do\u011fru kararlar\u0131 verebilmek i\u00e7in, kurumunuzun genelinde neler olup bitti\u011fini do\u011fru bir \u015fekilde size anlatan detayl\u0131 ve g\u00fcncel veriye ihtiyac\u0131n\u0131z vard\u0131r.<\/p><\/p><\/div><\/div>\t\t<\/div>\n\t\t\t\t<\/div>\n\t\t\t\t\t<\/div>\n\t\t<\/div>\n\t\t\t\t<div class=\"elementor-column elementor-col-33 elementor-top-column elementor-element elementor-element-dc9b50e\" data-id=\"dc9b50e\" data-element_type=\"column\">\n\t\t\t<div class=\"elementor-widget-wrap elementor-element-populated\">\n\t\t\t\t\t\t\t\t<div class=\"elementor-element elementor-element-25968e3 elementor-position-top elementor-widget elementor-widget-image-box\" data-id=\"25968e3\" data-element_type=\"widget\" data-widget_type=\"image-box.default\">\n\t\t\t\t<div class=\"elementor-widget-container\">\n\t\t\t<div class=\"elementor-image-box-wrapper\"><figure class=\"elementor-image-box-img\"><img loading=\"lazy\" decoding=\"async\" width=\"1000\" height=\"600\" src=\"https:\/\/bmkdanismanlik.com\/wp-content\/uploads\/2023\/03\/top-view-people-exchanging-money.jpg\" class=\"attachment-full size-full wp-image-372\" alt=\"\" srcset=\"https:\/\/bmkdanismanlik.com\/wp-content\/uploads\/2023\/03\/top-view-people-exchanging-money.jpg 1000w, https:\/\/bmkdanismanlik.com\/wp-content\/uploads\/2023\/03\/top-view-people-exchanging-money-300x180.jpg 300w, https:\/\/bmkdanismanlik.com\/wp-content\/uploads\/2023\/03\/top-view-people-exchanging-money-768x461.jpg 768w\" sizes=\"auto, (max-width: 1000px) 100vw, 1000px\" \/><\/figure><div class=\"elementor-image-box-content\"><h3 class=\"elementor-image-box-title\">Maliyet Optimizasyonu<\/h3><p class=\"elementor-image-box-description\"><p>\u015eirketlerin, karl\u0131l\u0131klar\u0131n\u0131 art\u0131rmak i\u00e7in, i\u015f verimlili\u011fine, maliyetin d\u00fc\u015f\u00fcr\u00fclmesine, faaliyetlerin geli\u015ftirilmesine ve mevcut varl\u0131klar\u0131n\u0131n en iyi \u015fekilde kullan\u0131m\u0131na odaklanmas\u0131 gereklidir.<\/p><\/p><\/div><\/div>\t\t<\/div>\n\t\t\t\t<\/div>\n\t\t\t\t\t<\/div>\n\t\t<\/div>\n\t\t\t\t<div class=\"elementor-column elementor-col-33 elementor-top-column elementor-element elementor-element-326bb19\" data-id=\"326bb19\" data-element_type=\"column\">\n\t\t\t<div class=\"elementor-widget-wrap elementor-element-populated\">\n\t\t\t\t\t\t\t\t<div class=\"elementor-element elementor-element-534f808 elementor-position-top elementor-widget elementor-widget-image-box\" data-id=\"534f808\" data-element_type=\"widget\" data-widget_type=\"image-box.default\">\n\t\t\t\t<div class=\"elementor-widget-container\">\n\t\t\t<div class=\"elementor-image-box-wrapper\"><figure class=\"elementor-image-box-img\"><img loading=\"lazy\" decoding=\"async\" width=\"1280\" height=\"638\" src=\"https:\/\/bmkdanismanlik.com\/wp-content\/uploads\/2023\/03\/businesswoman-consulting-business-2817567.jpg\" class=\"attachment-full size-full wp-image-344\" alt=\"businesswoman, consulting, business-2817567.jpg\" srcset=\"https:\/\/bmkdanismanlik.com\/wp-content\/uploads\/2023\/03\/businesswoman-consulting-business-2817567.jpg 1280w, https:\/\/bmkdanismanlik.com\/wp-content\/uploads\/2023\/03\/businesswoman-consulting-business-2817567-300x150.jpg 300w, https:\/\/bmkdanismanlik.com\/wp-content\/uploads\/2023\/03\/businesswoman-consulting-business-2817567-1024x510.jpg 1024w, https:\/\/bmkdanismanlik.com\/wp-content\/uploads\/2023\/03\/businesswoman-consulting-business-2817567-768x383.jpg 768w\" sizes=\"auto, (max-width: 1280px) 100vw, 1280px\" \/><\/figure><div class=\"elementor-image-box-content\"><h3 class=\"elementor-image-box-title\"> Kurumsal Uygulamalar<\/h3><p class=\"elementor-image-box-description\"><p>Kurumsal uygulamalar\u0131n\u0131z\u0131n se\u00e7imi a\u015famas\u0131ndan, proje y\u00f6netimine ve kalite de\u011ferlendirmesine kadar her a\u015famada sizlere hizmet veriyoruz.<span style=\"font-style: inherit; font-weight: inherit; background-color: var(--ast-global-color-4); color: var(--ast-global-color-3);\"><\/span><\/p><\/p><\/div><\/div>\t\t<\/div>\n\t\t\t\t<\/div>\n\t\t\t\t\t<\/div>\n\t\t<\/div>\n\t\t\t\t\t\t\t<\/div>\n\t\t<\/section>\n\t\t\t\t\t\t\t<\/div>\n\t\t","protected":false},"excerpt":{"rendered":"<p>Y\u00f6netim Hizmetleri AVM Y\u00f6netimi Y\u00f6netim standartlar\u0131n\u0131n belirlenmesi. AVM\u2018nin y\u00f6netilmesi i\u00e7in i\u015fletme plan\u0131 ve b\u00fct\u00e7esinin haz\u0131rlanmas\u0131. AVM organizasyon \u015femas\u0131n\u0131n ve g\u00f6rev tan\u0131mlar\u0131n olu\u015fturulmas\u0131. AVM\u2019nin t\u00fcm hizmetlerinin \u00f6l\u00e7\u00fclebilir formata d\u00f6k\u00fclmesi, raporlama ve denetim mekanizmalar\u0131n\u0131n kurulmas\u0131. AVM Kiralama AVM\u2019nin lokasyonuna uygun shopmix planlamas\u0131n\u0131n yap\u0131lmas\u0131, AVM\u2019nin yap\u0131s\u0131na uygun ulusal ve global potansiyel kirac\u0131lar\u0131n belirlenmesi. Sekt\u00f6rel kira analizlerinin olu\u015fturulmas\u0131. Kirac\u0131 &hellip;<\/p>\n<p class=\"read-more\"> <a class=\"\" href=\"https:\/\/bmkdanismanlik.com\/?page_id=514\"> <span class=\"screen-reader-text\">Y\u00f6netim Hizmetleri<\/span> Devam\u0131 &raquo;<\/a><\/p>\n","protected":false},"author":1,"featured_media":0,"parent":0,"menu_order":0,"comment_status":"closed","ping_status":"closed","template":"","meta":{"site-sidebar-layout":"no-sidebar","site-content-layout":"page-builder","ast-global-header-display":"","ast-main-header-display":"","ast-hfb-above-header-display":"","ast-hfb-below-header-display":"","ast-hfb-mobile-header-display":"","site-post-title":"disabled","ast-breadcrumbs-content":"","ast-featured-img":"disabled","footer-sml-layout":"","theme-transparent-header-meta":"","adv-header-id-meta":"","stick-header-meta":"","header-above-stick-meta":"","header-main-stick-meta":"","header-below-stick-meta":"","footnotes":""},"class_list":["post-514","page","type-page","status-publish","hentry"],"_links":{"self":[{"href":"https:\/\/bmkdanismanlik.com\/index.php?rest_route=\/wp\/v2\/pages\/514","targetHints":{"allow":["GET"]}}],"collection":[{"href":"https:\/\/bmkdanismanlik.com\/index.php?rest_route=\/wp\/v2\/pages"}],"about":[{"href":"https:\/\/bmkdanismanlik.com\/index.php?rest_route=\/wp\/v2\/types\/page"}],"author":[{"embeddable":true,"href":"https:\/\/bmkdanismanlik.com\/index.php?rest_route=\/wp\/v2\/users\/1"}],"replies":[{"embeddable":true,"href":"https:\/\/bmkdanismanlik.com\/index.php?rest_route=%2Fwp%2Fv2%2Fcomments&post=514"}],"version-history":[{"count":0,"href":"https:\/\/bmkdanismanlik.com\/index.php?rest_route=\/wp\/v2\/pages\/514\/revisions"}],"wp:attachment":[{"href":"https:\/\/bmkdanismanlik.com\/index.php?rest_route=%2Fwp%2Fv2%2Fmedia&parent=514"}],"curies":[{"name":"wp","href":"https:\/\/api.w.org\/{rel}","templated":true}]}}